{"id":977,"date":"2025-07-24T06:33:26","date_gmt":"2025-07-24T06:33:26","guid":{"rendered":"https:\/\/pixmap-studio.com\/veezer\/?page_id=977"},"modified":"2025-10-08T16:43:23","modified_gmt":"2025-10-08T16:43:23","slug":"cookies","status":"publish","type":"page","link":"https:\/\/pixmap-studio.com\/veezer\/cookies\/","title":{"rendered":"Cookies"},"content":{"rendered":"\t\t<div data-elementor-type=\"wp-page\" data-elementor-id=\"977\" class=\"elementor elementor-977\" data-elementor-post-type=\"page\">\n\t\t\t\t<div class=\"elementor-element elementor-element-022a3b7 e-flex e-con-boxed e-con e-parent\" data-id=\"022a3b7\" data-element_type=\"container\" data-e-type=\"container\" data-settings=\"{&quot;background_background&quot;:&quot;classic&quot;,&quot;jet_parallax_layout_list&quot;:[]}\">\n\t\t\t\t\t<div class=\"e-con-inner\">\n\t\t\t\t<div class=\"elementor-element elementor-element-e8190eb elementor-widget elementor-widget-heading\" data-id=\"e8190eb\" data-element_type=\"widget\" data-e-type=\"widget\" data-widget_type=\"heading.default\">\n\t\t\t\t<div class=\"elementor-widget-container\">\n\t\t\t\t\t<h1 class=\"elementor-heading-title elementor-size-default\">Cookies<\/h1>\t\t\t\t<\/div>\n\t\t\t\t<\/div>\n\t\t\t\t<div class=\"elementor-element elementor-element-a6bd469 elementor-widget elementor-widget-text-editor\" data-id=\"a6bd469\" data-element_type=\"widget\" data-e-type=\"widget\" data-widget_type=\"text-editor.default\">\n\t\t\t\t<div class=\"elementor-widget-container\">\n\t\t\t\t\t\t\t\t\t<p><style><span data-mce-type=\"bookmark\" style=\"display: inline-block; width: 0px; overflow: hidden; line-height: 0;\" class=\"mce_SELRES_start\">\ufeff<\/span><br \/>\n    a.cky-banner-element {<br \/>        padding: 8px 30px;<br \/>        background: #F8F9FA;<br \/>        color: #858A8F;<br \/>        border: 1px solid #DEE2E6;<br \/>        box-sizing: border-box;<br \/>        border-radius: 2px;<br \/>        cursor: pointer;<br \/>}<br \/><\/style><\/p><p><em>Date d\u2019entr\u00e9e en vigueur\u00a0: 24-Jul-2025<\/em><br \/><em>Derni\u00e8re mise \u00e0 jour\u00a0: 24-Jul-2025<\/em><\/p><h4>Que sont les cookies ?<\/h4><p>Cette politique de cookies explique ce que sont les cookies et comment nous les utilisons, les types de cookies que nous utilisons, c\u2019est-\u00e0-dire, les informations que nous collectons en utilisant des cookies et comment ces informations sont utilis\u00e9es, et comment g\u00e9rer les param\u00e8tres des cookies.<\/p><p>Les cookies sont de petits fichiers texte utilis\u00e9s pour stocker de petites informations. Ils sont stock\u00e9s sur votre appareil lorsque le site est charg\u00e9 sur votre navigateur. Ces cookies nous aident \u00e0 faire fonctionner correctement le site web, \u00e0 le rendre plus s\u00fbr, \u00e0 offrir une meilleure exp\u00e9rience utilisateur et \u00e0 comprendre comment le site fonctionne et \u00e0 analyser ce qui fonctionne et o\u00f9 il faut l\u2019am\u00e9liorer.<\/p><h4>\u00a0<\/h4><h4>Comment utilisons-nous les cookies ?<\/h4><p>Comme la plupart des services en ligne, notre site utilise des cookies de premi\u00e8re partie et de tiers \u00e0 plusieurs fins. Les cookies internes sont principalement n\u00e9cessaires au bon fonctionnement du site web, et ils ne collectent aucune de vos donn\u00e9es personnelles identifiables.<\/p><p>Les cookies tiers utilis\u00e9s sur notre site Web servent principalement \u00e0 comprendre comment le site fonctionne, comment vous interagissez avec notre site Web, \u00e0 s\u00e9curiser nos services, \u00e0 fournir des publicit\u00e9s qui sont pertinentes pour vous, et dans l\u2019ensemble vous offrant une exp\u00e9rience utilisateur meilleure et am\u00e9lior\u00e9e et aidant \u00e0 acc\u00e9l\u00e9rer vos interactions futures avec notre site Web.<\/p><p>\u00a0<\/p><h4>G\u00e9rer les pr\u00e9f\u00e9rences de cookies<\/h4><p>Param\u00e8tres des cookies<\/p><p>Vous pouvez modifier vos pr\u00e9f\u00e9rences de cookies \u00e0 tout moment en cliquant sur le bouton ci-dessus. Cela vous permettra de revoir la banni\u00e8re de consentement aux cookies et de modifier vos pr\u00e9f\u00e9rences ou de retirer votre consentement imm\u00e9diatement.<\/p><p>En plus de cela, diff\u00e9rents navigateurs offrent diff\u00e9rentes m\u00e9thodes pour bloquer et supprimer les cookies utilis\u00e9s par les sites web. Vous pouvez modifier les param\u00e8tres de votre navigateur pour bloquer\/supprimer les cookies. Ci-dessous se trouvent les liens vers les documents d\u2019assistance sur la fa\u00e7on de g\u00e9rer et de supprimer les cookies des principaux navigateurs web.<\/p><p>\u00a0<\/p><p>Chrome: <a href=\"https:\/\/support.google.com\/accounts\/answer\/32050\" target=\"_blank\" rel=\"noopener\">https:\/\/support.google.com\/accounts\/answer\/32050<\/a><\/p><p>Safari: <a href=\"https:\/\/support.apple.com\/en-in\/guide\/safari\/sfri11471\/mac\" target=\"_blank\" rel=\"noopener\">https:\/\/support.apple.com\/en-in\/guide\/safari\/sfri11471\/mac<\/a><\/p><p>Firefox: <a href=\"https:\/\/support.mozilla.org\/en-US\/kb\/clear-cookies-and-site-data-firefox?redirectslug=delete-cookies-remove-info-websites-stored&amp;redirectlocale=en-US\" target=\"_blank\" rel=\"noopener\">https:\/\/support.mozilla.org\/en-US\/kb\/clear-cookies-and-site-data-firefox?redirectslug=delete-cookies-remove-info-websites-stored&amp;redirectlocale=en-US<\/a><\/p><p>Internet Explorer: <a href=\"https:\/\/support.microsoft.com\/en-us\/topic\/how-to-delete-cookie-files-in-internet-explorer-bca9446f-d873-78de-77ba-d42645fa52fc\" target=\"_blank\" rel=\"noopener\">https:\/\/support.microsoft.com\/en-us\/topic\/how-to-delete-cookie-files-in-internet-explorer-bca9446f-d873-78de-77ba-d42645fa52fc<\/a><\/p><p>\u00a0<\/p><p>Si vous utilisez un autre navigateur web, veuillez consulter les documents officiels de support de votre navigateur.<\/p>\t\t\t\t\t\t\t\t<\/div>\n\t\t\t\t<\/div>\n\t\t\t\t\t<\/div>\n\t\t\t\t<\/div>\n\t\t\t\t<\/div>\n\t\t","protected":false},"excerpt":{"rendered":"<p>Cookies Date d\u2019entr\u00e9e en vigueur\u00a0: 24-Jul-2025 Derni\u00e8re mise \u00e0 jour\u00a0: 24-Jul-2025 Que sont les cookies ? Cette politique de cookies explique ce que sont les cookies et comment nous les utilisons, les types de cookies que nous utilisons, c\u2019est-\u00e0-dire, les informations que nous collectons en utilisant des cookies et comment ces informations sont utilis\u00e9es, et [&hellip;]<\/p>\n","protected":false},"author":1,"featured_media":0,"parent":0,"menu_order":0,"comment_status":"closed","ping_status":"closed","template":"elementor_header_footer","meta":{"footnotes":""},"class_list":["post-977","page","type-page","status-publish","hentry"],"_links":{"self":[{"href":"https:\/\/pixmap-studio.com\/veezer\/wp-json\/wp\/v2\/pages\/977","targetHints":{"allow":["GET"]}}],"collection":[{"href":"https:\/\/pixmap-studio.com\/veezer\/wp-json\/wp\/v2\/pages"}],"about":[{"href":"https:\/\/pixmap-studio.com\/veezer\/wp-json\/wp\/v2\/types\/page"}],"author":[{"embeddable":true,"href":"https:\/\/pixmap-studio.com\/veezer\/wp-json\/wp\/v2\/users\/1"}],"replies":[{"embeddable":true,"href":"https:\/\/pixmap-studio.com\/veezer\/wp-json\/wp\/v2\/comments?post=977"}],"version-history":[{"count":5,"href":"https:\/\/pixmap-studio.com\/veezer\/wp-json\/wp\/v2\/pages\/977\/revisions"}],"predecessor-version":[{"id":1413,"href":"https:\/\/pixmap-studio.com\/veezer\/wp-json\/wp\/v2\/pages\/977\/revisions\/1413"}],"wp:attachment":[{"href":"https:\/\/pixmap-studio.com\/veezer\/wp-json\/wp\/v2\/media?parent=977"}],"curies":[{"name":"wp","href":"https:\/\/api.w.org\/{rel}","templated":true}]}}