{"id":24,"date":"2025-05-28T08:08:11","date_gmt":"2025-05-28T08:08:11","guid":{"rendered":"https:\/\/pixmap-studio.com\/veezer\/?page_id=24"},"modified":"2025-10-08T15:38:03","modified_gmt":"2025-10-08T15:38:03","slug":"site-privacy-policy","status":"publish","type":"page","link":"https:\/\/pixmap-studio.com\/veezer\/site-privacy-policy\/","title":{"rendered":"Politique de confidentialit\u00e9"},"content":{"rendered":"\t\t<div data-elementor-type=\"wp-page\" data-elementor-id=\"24\" class=\"elementor elementor-24\" data-elementor-post-type=\"page\">\n\t\t\t\t<div class=\"elementor-element elementor-element-57edd66 e-flex e-con-boxed e-con e-parent\" data-id=\"57edd66\" data-element_type=\"container\" data-e-type=\"container\" data-settings=\"{&quot;background_background&quot;:&quot;classic&quot;,&quot;jet_parallax_layout_list&quot;:[]}\">\n\t\t\t\t\t<div class=\"e-con-inner\">\n\t\t\t\t<div class=\"elementor-element elementor-element-903c7c6 elementor-widget elementor-widget-heading\" data-id=\"903c7c6\" data-element_type=\"widget\" data-e-type=\"widget\" data-widget_type=\"heading.default\">\n\t\t\t\t<div class=\"elementor-widget-container\">\n\t\t\t\t\t<h1 class=\"elementor-heading-title elementor-size-default\">Politique de confidentialit\u00e9<\/h1>\t\t\t\t<\/div>\n\t\t\t\t<\/div>\n\t\t\t\t<div class=\"elementor-element elementor-element-8d02349 elementor-widget elementor-widget-text-editor\" data-id=\"8d02349\" data-element_type=\"widget\" data-e-type=\"widget\" data-widget_type=\"text-editor.default\">\n\t\t\t\t<div class=\"elementor-widget-container\">\n\t\t\t\t\t\t\t\t\t<div class=\"elementor-element elementor-element-5848e22 elementor-widget elementor-widget-heading\" data-id=\"5848e22\" data-element_type=\"widget\" data-widget_type=\"heading.default\"><div class=\"elementor-widget-container\"><p><em><span class=\"ng-star-inserted hovered\" data-index=\"0\">Derni\u00e8re mise \u00e0 jour le 24-juil-2025<br \/><\/span><\/em><span class=\"ng-star-inserted\" data-index=\"1\"><em>Date d\u2019entr\u00e9e en vigueur 24-juil-2025<\/em><br \/><br \/><\/span><span class=\"ng-star-inserted\" data-index=\"2\">Cette politique de confidentialit\u00e9 d\u00e9crit les politiques de PIXMAP STUDIO<br \/><br \/><\/span><span class=\"ng-star-inserted\" data-index=\"3\">680 CHEMIN DE VERSAILLE 06570 SAINT-PAUL-DE-VENCE France<br \/><br \/><\/span><span class=\"ng-star-inserted\" data-index=\"4\">email\u00a0: contact@pixmap-studio.com<br \/><br \/><\/span><span class=\"ng-star-inserted\" data-index=\"5\">Sur la collecte, l\u2019utilisation et la divulgation de vos informations que nous collectons lorsque vous utilisez notre site Web (https:\/\/pixmap-studio.com\/veezer\/ ). <\/span><span class=\"ng-star-inserted\" data-index=\"6\">(le \u00ab\u00a0Service\u00a0\u00bb). <\/span><span class=\"ng-star-inserted\" data-index=\"7\">En acc\u00e9dant au Service ou en l\u2019utilisant, vous consentez \u00e0 la collecte, \u00e0 l\u2019utilisation et \u00e0 la divulgation de vos informations conform\u00e9ment \u00e0 la pr\u00e9sente politique de confidentialit\u00e9. <\/span><span class=\"ng-star-inserted\" data-index=\"8\">Si vous ne consentez pas \u00e0 la m\u00eame chose, veuillez ne pas acc\u00e9der au Service ni l\u2019utiliser.<br \/><br \/><\/span><span class=\"ng-star-inserted\" data-index=\"9\">Nous pouvons modifier cette politique de confidentialit\u00e9 \u00e0 tout moment sans pr\u00e9avis et publierons la politique de confidentialit\u00e9 r\u00e9vis\u00e9e sur le service. <\/span><span class=\"ng-star-inserted\" data-index=\"10\">La politique r\u00e9vis\u00e9e entrera en vigueur 180 jours apr\u00e8s sa publication dans le service et votre acc\u00e8s ou utilisation continue du service apr\u00e8s ce d\u00e9lai constituera votre acceptation de la politique de confidentialit\u00e9 r\u00e9vis\u00e9e. <\/span><span class=\"ng-star-inserted\" data-index=\"11\">Nous vous recommandons donc de consulter r\u00e9guli\u00e8rement cette page.<br \/><br \/><\/span><span class=\"ng-star-inserted\" data-index=\"12\"><strong>Informations que nous recueillons\u00a0:<\/strong><br \/><\/span><span class=\"ng-star-inserted\" data-index=\"13\">Nous collecterons et traiterons les informations personnelles suivantes vous concernant\u00a0:<br \/><br \/><\/span><span class=\"ng-star-inserted\" data-index=\"14\">Nom<br \/><\/span><span class=\"ng-star-inserted\" data-index=\"15\">Email<br \/><\/span><span class=\"ng-star-inserted\" data-index=\"16\">Mobile<br \/><br \/><\/span><span class=\"ng-star-inserted\" data-index=\"17\"><strong>Comment nous utilisons vos informations\u00a0:<\/strong><br \/><\/span><span class=\"ng-star-inserted\" data-index=\"18\">Nous utiliserons les informations que nous collectons \u00e0 votre sujet aux fins suivantes\u00a0:<br \/><br \/><\/span><span class=\"ng-star-inserted\" data-index=\"19\"><strong>Support<\/strong><br \/><\/span><span class=\"ng-star-inserted\" data-index=\"20\">Si nous voulons utiliser vos informations \u00e0 d\u2019autres fins, nous vous demanderons votre consentement et n\u2019utiliserons vos informations qu\u2019apr\u00e8s avoir re\u00e7u votre consentement et uniquement aux fins pour lesquelles vous avez donn\u00e9 votre consentement, sauf si la loi nous oblige \u00e0 faire autrement.<\/span><\/p><\/div><p><span class=\"ng-star-inserted hovered\" data-index=\"0\"><strong>Conservation de vos informations\u00a0:<\/strong><br \/><\/span><span class=\"ng-star-inserted\" data-index=\"1\">Nous conserverons vos informations personnelles chez nous pendant 90 jours \u00e0 2 ans apr\u00e8s la r\u00e9siliation du compte de l\u2019utilisateur ou aussi longtemps que nous en aurons besoin pour atteindre les objectifs pour lesquels elles ont \u00e9t\u00e9 collect\u00e9es, comme d\u00e9taill\u00e9 dans cette politique de confidentialit\u00e9. <\/span><span class=\"ng-star-inserted\" data-index=\"2\">Il se peut que nous devions conserver certaines informations pendant des p\u00e9riodes plus longues, par exemple pour la tenue de dossiers \/ le reporting conform\u00e9ment \u00e0 la loi en vigueur ou pour d\u2019autres raisons l\u00e9gitimes telles que l\u2019application des droits l\u00e9gaux, la pr\u00e9vention de la fraude, etc. aucun des deux ne vous identifie (directement ou indirectement), peut \u00eatre stock\u00e9 ind\u00e9finiment.<br \/><br \/><\/span><span class=\"ng-star-inserted\" data-index=\"3\"><strong>Vos droits\u00a0:<\/strong><br \/><\/span><span class=\"ng-star-inserted\" data-index=\"4\">Selon la loi applicable, vous pouvez avoir un droit d\u2019acc\u00e8s et de rectification ou d\u2019effacement de vos donn\u00e9es personnelles ou recevoir une copie de vos donn\u00e9es personnelles, restreindre ou vous opposer au traitement actif de vos donn\u00e9es, nous demander de partager (transf\u00e9rer) vos informations personnelles \u00e0 une autre entit\u00e9, retirer tout consentement que vous nous avez donn\u00e9 pour traiter vos donn\u00e9es, un droit de d\u00e9poser une plainte aupr\u00e8s d\u2019une autorit\u00e9 statutaire et tous autres droits qui peuvent \u00eatre pertinents en vertu des lois applicables. <\/span><span class=\"ng-star-inserted\" data-index=\"5\">Pour exercer ces droits, vous pouvez nous \u00e9crire \u00e0 contact@pixmap-studio.com. <\/span><span class=\"ng-star-inserted\" data-index=\"6\">Nous r\u00e9pondrons \u00e0 votre demande conform\u00e9ment \u00e0 la loi applicable.<br \/><\/span><span class=\"ng-star-inserted\" data-index=\"7\">Veuillez noter que si vous ne nous autorisez pas \u00e0 recueillir ou traiter les renseignements personnels requis, ou si vous retirez votre consentement au traitement de ces renseignements aux fins requises, il se peut que vous ne puissiez pas acc\u00e9der aux services pour lesquels vos renseignements ont \u00e9t\u00e9 demand\u00e9s ni les utiliser.<br \/><br \/><\/span><span class=\"ng-star-inserted\" data-index=\"8\"><strong>Cookies Etc.<\/strong><br \/><\/span><span class=\"ng-star-inserted\" data-index=\"9\">Pour en savoir plus sur la fa\u00e7on dont nous utilisons ces cookies et vos choix concernant ces technologies de suivi, veuillez consulter notre Politique relative aux cookies.<\/span><\/p><\/div><p>\u00a0<\/p><p><strong>S\u00e9curit\u00e9\u00a0:<\/strong><br \/>La s\u00e9curit\u00e9 de vos informations est importante pour nous et nous utiliserons des mesures de s\u00e9curit\u00e9 raisonnables pour pr\u00e9venir la perte, l\u2019utilisation abusive ou la modification non autoris\u00e9e de vos informations sous notre contr\u00f4le. Cependant, compte tenu des risques inh\u00e9rents, nous ne pouvons pas garantir une s\u00e9curit\u00e9 absolue et par cons\u00e9quent, nous ne pouvons pas assurer ou garantir la s\u00e9curit\u00e9 de toute information que vous nous transmettez et vous le faites \u00e0 vos propres risques.<\/p><p><strong>Responsable des r\u00e9clamations \/ protection des donn\u00e9es\u00a0:<\/strong><\/p><p><br \/>Si vous avez des questions ou des pr\u00e9occupations concernant le traitement de vos informations disponibles chez nous, vous pouvez envoyer un e-mail \u00e0 notre responsable des r\u00e9clamations chez PIXMAP STUDIO, 680 CHEMIN DE VERSAILLE 06570 SAINT-PAUL-DE-VENCE<\/p><p>email\u00a0: contact@pixmap-studio.com<\/p><p>Nous traiterons vos pr\u00e9occupations conform\u00e9ment \u00e0 la loi applicable.<\/p>\t\t\t\t\t\t\t\t<\/div>\n\t\t\t\t<\/div>\n\t\t\t\t\t<\/div>\n\t\t\t\t<\/div>\n\t\t\t\t<\/div>\n\t\t","protected":false},"excerpt":{"rendered":"<p>Politique de confidentialit\u00e9 Derni\u00e8re mise \u00e0 jour le 24-juil-2025 Date d\u2019entr\u00e9e en vigueur 24-juil-2025 Cette politique de confidentialit\u00e9 d\u00e9crit les politiques de PIXMAP STUDIO 680 CHEMIN DE VERSAILLE 06570 SAINT-PAUL-DE-VENCE France email\u00a0: contact@pixmap-studio.com Sur la collecte, l\u2019utilisation et la divulgation de vos informations que nous collectons lorsque vous utilisez notre site Web (https:\/\/pixmap-studio.com\/veezer\/ ). (le [&hellip;]<\/p>\n","protected":false},"author":1,"featured_media":0,"parent":0,"menu_order":0,"comment_status":"closed","ping_status":"closed","template":"elementor_header_footer","meta":{"footnotes":""},"class_list":["post-24","page","type-page","status-publish","hentry"],"_links":{"self":[{"href":"https:\/\/pixmap-studio.com\/veezer\/wp-json\/wp\/v2\/pages\/24","targetHints":{"allow":["GET"]}}],"collection":[{"href":"https:\/\/pixmap-studio.com\/veezer\/wp-json\/wp\/v2\/pages"}],"about":[{"href":"https:\/\/pixmap-studio.com\/veezer\/wp-json\/wp\/v2\/types\/page"}],"author":[{"embeddable":true,"href":"https:\/\/pixmap-studio.com\/veezer\/wp-json\/wp\/v2\/users\/1"}],"replies":[{"embeddable":true,"href":"https:\/\/pixmap-studio.com\/veezer\/wp-json\/wp\/v2\/comments?post=24"}],"version-history":[{"count":11,"href":"https:\/\/pixmap-studio.com\/veezer\/wp-json\/wp\/v2\/pages\/24\/revisions"}],"predecessor-version":[{"id":1025,"href":"https:\/\/pixmap-studio.com\/veezer\/wp-json\/wp\/v2\/pages\/24\/revisions\/1025"}],"wp:attachment":[{"href":"https:\/\/pixmap-studio.com\/veezer\/wp-json\/wp\/v2\/media?parent=24"}],"curies":[{"name":"wp","href":"https:\/\/api.w.org\/{rel}","templated":true}]}}