{"id":1207,"date":"2025-09-19T11:09:45","date_gmt":"2025-09-19T11:09:45","guid":{"rendered":"https:\/\/pixmap-studio.com\/veezer\/?page_id=1207"},"modified":"2025-10-08T15:34:49","modified_gmt":"2025-10-08T15:34:49","slug":"download","status":"publish","type":"page","link":"https:\/\/pixmap-studio.com\/veezer\/download\/","title":{"rendered":"T\u00e9l\u00e9chargement"},"content":{"rendered":"\t\t<div data-elementor-type=\"wp-page\" data-elementor-id=\"1207\" class=\"elementor elementor-1207\" data-elementor-post-type=\"page\">\n\t\t\t\t<div class=\"elementor-element elementor-element-985560f e-flex e-con-boxed e-con e-parent\" data-id=\"985560f\" data-element_type=\"container\" data-e-type=\"container\" data-settings=\"{&quot;jet_parallax_layout_list&quot;:[]}\">\n\t\t\t\t\t<div class=\"e-con-inner\">\n\t\t\t\t<div class=\"elementor-element elementor-element-24336c9 elementor-widget elementor-widget-html\" data-id=\"24336c9\" data-element_type=\"widget\" data-e-type=\"widget\" data-widget_type=\"html.default\">\n\t\t\t\t<div class=\"elementor-widget-container\">\n\t\t\t\t\t<script>\ndocument.addEventListener('DOMContentLoaded', function() {\n    function isMobile() {\n        return \/iPhone|iPad|iPod|Android\/i.test(navigator.userAgent);\n    }\n    function isIOS() {\n        return \/iPhone|iPad|iPod\/i.test(navigator.userAgent);\n    }\n    function isAndroid() {\n        return \/Android\/i.test(navigator.userAgent);\n    }\n\n    var desktopSection = document.querySelector('#desktop-content');\n    var mobileSection = document.querySelector('#mobile-content'); \n    \n    if (isMobile()) {\n        \/\/ Hide desktop content\n        if (desktopSection) desktopSection.style.display = 'none';\n\n        \/\/ Show mobile content (redirection message)\n        if (mobileSection) mobileSection.style.display = 'block';\n\n        \/\/ Redirect to store page\n        if (isIOS()) {\n            window.location.href = \"https:\/\/apps.apple.com\/app\/id6744611847\";\n        } else if (isAndroid()) {\n            window.location.href = \"https:\/\/play.google.com\/store\/apps\/details?id=com.pixmapstudio.veezer1\";\n        }\n    } else {\n        if (desktopSection) desktopSection.style.display = 'block';\n        if (mobileSection) mobileSection.style.display = 'none';\n    }\n});\n<\/script>\t\t\t\t<\/div>\n\t\t\t\t<\/div>\n\t\t<div class=\"elementor-element elementor-element-00a0a0a e-con-full e-flex e-con e-child\" data-id=\"00a0a0a\" data-element_type=\"container\" data-e-type=\"container\" id=\"desktop-content\" data-settings=\"{&quot;jet_parallax_layout_list&quot;:[]}\">\n\t\t<div class=\"elementor-element elementor-element-0b94440 e-con-full e-flex e-con e-child\" data-id=\"0b94440\" data-element_type=\"container\" data-e-type=\"container\" data-settings=\"{&quot;jet_parallax_layout_list&quot;:[]}\">\n\t\t<div class=\"elementor-element elementor-element-b73e404 e-con-full e-flex e-con e-child\" data-id=\"b73e404\" data-element_type=\"container\" data-e-type=\"container\" data-settings=\"{&quot;background_background&quot;:&quot;classic&quot;,&quot;jet_parallax_layout_list&quot;:[]}\">\n\t\t\t\t<div class=\"elementor-element elementor-element-b9dce20 elementor-widget__width-inherit elementor-invisible elementor-widget elementor-widget-heading\" data-id=\"b9dce20\" data-element_type=\"widget\" data-e-type=\"widget\" data-settings=\"{&quot;_animation&quot;:&quot;fadeInDown&quot;,&quot;_animation_delay&quot;:2000}\" data-widget_type=\"heading.default\">\n\t\t\t\t<div class=\"elementor-widget-container\">\n\t\t\t\t\t<h3 class=\"elementor-heading-title elementor-size-default\">VEEZER - GPS SUR PHOTOS<\/h3>\t\t\t\t<\/div>\n\t\t\t\t<\/div>\n\t\t\t\t<div class=\"elementor-element elementor-element-94e3ab3 elementor-widget elementor-widget-heading\" data-id=\"94e3ab3\" data-element_type=\"widget\" data-e-type=\"widget\" data-widget_type=\"heading.default\">\n\t\t\t\t<div class=\"elementor-widget-container\">\n\t\t\t\t\t<h1 class=\"elementor-heading-title elementor-size-default\">T\u00e9l\u00e9charger Veezer<\/h1>\t\t\t\t<\/div>\n\t\t\t\t<\/div>\n\t\t\t\t<\/div>\n\t\t\t\t<\/div>\n\t\t<div class=\"elementor-element elementor-element-de0bbde e-con-full e-flex e-con e-child\" data-id=\"de0bbde\" data-element_type=\"container\" data-e-type=\"container\" data-settings=\"{&quot;jet_parallax_layout_list&quot;:[]}\">\n\t\t\t\t<div class=\"elementor-element elementor-element-9497fd4 elementor-widget elementor-widget-image\" data-id=\"9497fd4\" data-element_type=\"widget\" data-e-type=\"widget\" data-widget_type=\"image.default\">\n\t\t\t\t<div class=\"elementor-widget-container\">\n\t\t\t\t\t\t\t\t\t\t\t\t\t\t\t<img fetchpriority=\"high\" decoding=\"async\" width=\"300\" height=\"300\" src=\"https:\/\/pixmap-studio.com\/veezer\/wp-content\/uploads\/2025\/09\/veezer-download-qrcode-300x300.png\" class=\"attachment-medium size-medium wp-image-1212\" alt=\"\" srcset=\"https:\/\/pixmap-studio.com\/veezer\/wp-content\/uploads\/2025\/09\/veezer-download-qrcode-300x300.png 300w, https:\/\/pixmap-studio.com\/veezer\/wp-content\/uploads\/2025\/09\/veezer-download-qrcode-150x150.png 150w, https:\/\/pixmap-studio.com\/veezer\/wp-content\/uploads\/2025\/09\/veezer-download-qrcode.png 470w\" sizes=\"(max-width: 300px) 100vw, 300px\" \/>\t\t\t\t\t\t\t\t\t\t\t\t\t\t\t<\/div>\n\t\t\t\t<\/div>\n\t\t\t\t<div class=\"elementor-element elementor-element-477b8c1 elementor-widget elementor-widget-text-editor\" data-id=\"477b8c1\" data-element_type=\"widget\" data-e-type=\"widget\" data-widget_type=\"text-editor.default\">\n\t\t\t\t<div class=\"elementor-widget-container\">\n\t\t\t\t\t\t\t\t\t<p><em>Scannez ce code avec votre smartphone pour t\u00e9l\u00e9charger l\u2019application.<\/em><\/p>\t\t\t\t\t\t\t\t<\/div>\n\t\t\t\t<\/div>\n\t\t\t\t<\/div>\n\t\t\t\t<\/div>\n\t\t<div class=\"elementor-element elementor-element-63bf2d5 e-con-full e-flex e-con e-child\" data-id=\"63bf2d5\" data-element_type=\"container\" data-e-type=\"container\" id=\"mobile-content\" data-settings=\"{&quot;jet_parallax_layout_list&quot;:[]}\">\n\t\t\t\t<div class=\"elementor-element elementor-element-fce0d42 elementor-widget elementor-widget-text-editor\" data-id=\"fce0d42\" data-element_type=\"widget\" data-e-type=\"widget\" data-widget_type=\"text-editor.default\">\n\t\t\t\t<div class=\"elementor-widget-container\">\n\t\t\t\t\t\t\t\t\t<p>Redirection en cours&#8230;<\/p>\t\t\t\t\t\t\t\t<\/div>\n\t\t\t\t<\/div>\n\t\t\t\t<\/div>\n\t\t\t\t\t<\/div>\n\t\t\t\t<\/div>\n\t\t\t\t<\/div>\n\t\t","protected":false},"excerpt":{"rendered":"<p>VEEZER &#8211; GPS SUR PHOTOS T\u00e9l\u00e9charger Veezer Scannez ce code avec votre smartphone pour t\u00e9l\u00e9charger l\u2019application. Redirection en cours&#8230;<\/p>\n","protected":false},"author":2,"featured_media":0,"parent":0,"menu_order":0,"comment_status":"closed","ping_status":"closed","template":"elementor_header_footer","meta":{"footnotes":""},"class_list":["post-1207","page","type-page","status-publish","hentry"],"_links":{"self":[{"href":"https:\/\/pixmap-studio.com\/veezer\/wp-json\/wp\/v2\/pages\/1207","targetHints":{"allow":["GET"]}}],"collection":[{"href":"https:\/\/pixmap-studio.com\/veezer\/wp-json\/wp\/v2\/pages"}],"about":[{"href":"https:\/\/pixmap-studio.com\/veezer\/wp-json\/wp\/v2\/types\/page"}],"author":[{"embeddable":true,"href":"https:\/\/pixmap-studio.com\/veezer\/wp-json\/wp\/v2\/users\/2"}],"replies":[{"embeddable":true,"href":"https:\/\/pixmap-studio.com\/veezer\/wp-json\/wp\/v2\/comments?post=1207"}],"version-history":[{"count":35,"href":"https:\/\/pixmap-studio.com\/veezer\/wp-json\/wp\/v2\/pages\/1207\/revisions"}],"predecessor-version":[{"id":1406,"href":"https:\/\/pixmap-studio.com\/veezer\/wp-json\/wp\/v2\/pages\/1207\/revisions\/1406"}],"wp:attachment":[{"href":"https:\/\/pixmap-studio.com\/veezer\/wp-json\/wp\/v2\/media?parent=1207"}],"curies":[{"name":"wp","href":"https:\/\/api.w.org\/{rel}","templated":true}]}}